{"id":6724,"date":"2025-07-30T13:36:35","date_gmt":"2025-07-30T11:36:35","guid":{"rendered":"https:\/\/feltdecor.eu\/realizations\/"},"modified":"2026-03-25T11:31:59","modified_gmt":"2026-03-25T10:31:59","slug":"projects","status":"publish","type":"page","link":"https:\/\/feltdecor.eu\/en\/projects\/","title":{"rendered":"Realizations"},"content":{"rendered":"\t\t<div data-elementor-type=\"wp-page\" data-elementor-id=\"6724\" class=\"elementor elementor-6724 elementor-1082\" data-elementor-post-type=\"page\">\n\t\t\t\t<div class=\"elementor-element elementor-element-0459475 section-l e-flex e-con-boxed e-con e-parent\" data-id=\"0459475\" data-element_type=\"container\" data-e-type=\"container\" data-settings=\"{&quot;background_background&quot;:&quot;classic&quot;}\">\n\t\t\t\t\t<div class=\"e-con-inner\">\n\t\t<div class=\"elementor-element elementor-element-fecb1ed e-con-full e-flex e-con e-child\" data-id=\"fecb1ed\" data-element_type=\"container\" data-e-type=\"container\">\n\t\t<div class=\"elementor-element elementor-element-ee2cbe2 e-con-full e-flex e-con e-child\" data-id=\"ee2cbe2\" data-element_type=\"container\" data-e-type=\"container\">\n\t\t\t\t<div class=\"elementor-element elementor-element-f798a7c elementor-widget__width-initial elementor-widget-tablet__width-inherit elementor-widget elementor-widget-heading\" data-id=\"f798a7c\" data-element_type=\"widget\" data-e-type=\"widget\" data-widget_type=\"heading.default\">\n\t\t\t\t<div class=\"elementor-widget-container\">\n\t\t\t\t\t<h1 class=\"elementor-heading-title elementor-size-default\">Projects with our acoustic panels<\/h1>\t\t\t\t<\/div>\n\t\t\t\t<\/div>\n\t\t\t\t<div class=\"elementor-element elementor-element-3e89d44 elementor-widget__width-initial elementor-widget-tablet__width-inherit elementor-widget elementor-widget-heading\" data-id=\"3e89d44\" data-element_type=\"widget\" data-e-type=\"widget\" data-widget_type=\"heading.default\">\n\t\t\t\t<div class=\"elementor-widget-container\">\n\t\t\t\t\t<p class=\"elementor-heading-title elementor-size-default\">See how our acoustic panels perform in modern interiors.<\/p>\t\t\t\t<\/div>\n\t\t\t\t<\/div>\n\t\t\t\t<\/div>\n\t\t<div class=\"elementor-element elementor-element-e3cce25 e-con-full e-grid e-con e-child\" data-id=\"e3cce25\" data-element_type=\"container\" data-e-type=\"container\">\n\t\t<a class=\"elementor-element elementor-element-853290b e-con-full e-flex e-con e-child\" data-id=\"853290b\" data-element_type=\"container\" data-e-type=\"container\" data-settings=\"{&quot;background_background&quot;:&quot;classic&quot;}\" href=\"https:\/\/feltdecor.eu\/en\/realizations\/dgp-advisors-comprehensive-acoustic-adaptation-of-the-office-and-decorations-made-of-pet-felt\/\">\n\t\t\t\t<div class=\"elementor-element elementor-element-66df400 elementor-widget elementor-widget-heading\" data-id=\"66df400\" data-element_type=\"widget\" data-e-type=\"widget\" data-widget_type=\"heading.default\">\n\t\t\t\t<div class=\"elementor-widget-container\">\n\t\t\t\t\t<h3 class=\"elementor-heading-title elementor-size-default\">DGP<\/h3>\t\t\t\t<\/div>\n\t\t\t\t<\/div>\n\t\t\t\t<div class=\"elementor-element elementor-element-7054172 elementor-widget elementor-widget-heading\" data-id=\"7054172\" data-element_type=\"widget\" data-e-type=\"widget\" data-widget_type=\"heading.default\">\n\t\t\t\t<div class=\"elementor-widget-container\">\n\t\t\t\t\t<p class=\"elementor-heading-title elementor-size-default\">Krakow | 2026<\/p>\t\t\t\t<\/div>\n\t\t\t\t<\/div>\n\t\t\t\t<\/a>\n\t\t<a class=\"elementor-element elementor-element-a0466f7 e-con-full e-flex e-con e-child\" data-id=\"a0466f7\" data-element_type=\"container\" data-e-type=\"container\" data-settings=\"{&quot;background_background&quot;:&quot;classic&quot;}\" href=\"https:\/\/feltdecor.eu\/en\/realizations\/acoustic-panels-and-suspended-ceilings-in-the-largest-private-podcast-studio\/\">\n\t\t\t\t<div class=\"elementor-element elementor-element-89d3bb6 elementor-widget elementor-widget-heading\" data-id=\"89d3bb6\" data-element_type=\"widget\" data-e-type=\"widget\" data-widget_type=\"heading.default\">\n\t\t\t\t<div class=\"elementor-widget-container\">\n\t\t\t\t\t<h3 class=\"elementor-heading-title elementor-size-default\">Storymakers<\/h3>\t\t\t\t<\/div>\n\t\t\t\t<\/div>\n\t\t\t\t<div class=\"elementor-element elementor-element-5817c6e elementor-widget elementor-widget-heading\" data-id=\"5817c6e\" data-element_type=\"widget\" data-e-type=\"widget\" data-widget_type=\"heading.default\">\n\t\t\t\t<div class=\"elementor-widget-container\">\n\t\t\t\t\t<p class=\"elementor-heading-title elementor-size-default\">Krakow | 2026<\/p>\t\t\t\t<\/div>\n\t\t\t\t<\/div>\n\t\t\t\t<\/a>\n\t\t<a class=\"elementor-element elementor-element-b471f6a e-con-full e-flex e-con e-child\" data-id=\"b471f6a\" data-element_type=\"container\" data-e-type=\"container\" data-settings=\"{&quot;background_background&quot;:&quot;classic&quot;}\" href=\"https:\/\/feltdecor.eu\/en\/realizations\/iliard-installation-of-acoustic-panels\/\">\n\t\t\t\t<div class=\"elementor-element elementor-element-76424b4 elementor-widget elementor-widget-heading\" data-id=\"76424b4\" data-element_type=\"widget\" data-e-type=\"widget\" data-widget_type=\"heading.default\">\n\t\t\t\t<div class=\"elementor-widget-container\">\n\t\t\t\t\t<h3 class=\"elementor-heading-title elementor-size-default\">Illiard<\/h3>\t\t\t\t<\/div>\n\t\t\t\t<\/div>\n\t\t\t\t<div class=\"elementor-element elementor-element-5846593 elementor-widget elementor-widget-heading\" data-id=\"5846593\" data-element_type=\"widget\" data-e-type=\"widget\" data-widget_type=\"heading.default\">\n\t\t\t\t<div class=\"elementor-widget-container\">\n\t\t\t\t\t<p class=\"elementor-heading-title elementor-size-default\">Krakow | 2025<\/p>\t\t\t\t<\/div>\n\t\t\t\t<\/div>\n\t\t\t\t<\/a>\n\t\t<a class=\"elementor-element elementor-element-6b1236f e-con-full e-flex e-con e-child\" data-id=\"6b1236f\" data-element_type=\"container\" data-e-type=\"container\" data-settings=\"{&quot;background_background&quot;:&quot;classic&quot;}\" href=\"https:\/\/feltdecor.eu\/en\/realizations\/feltdecor-acoustic-panels-in-the-rooms-of-the-kossak-hotel-in-krakow\/\">\n\t\t\t\t<div class=\"elementor-element elementor-element-8adcef2 elementor-widget elementor-widget-heading\" data-id=\"8adcef2\" data-element_type=\"widget\" data-e-type=\"widget\" data-widget_type=\"heading.default\">\n\t\t\t\t<div class=\"elementor-widget-container\">\n\t\t\t\t\t<h3 class=\"elementor-heading-title elementor-size-default\">Kossak Hotel<\/h3>\t\t\t\t<\/div>\n\t\t\t\t<\/div>\n\t\t\t\t<div class=\"elementor-element elementor-element-c01c5a4 elementor-widget elementor-widget-heading\" data-id=\"c01c5a4\" data-element_type=\"widget\" data-e-type=\"widget\" data-widget_type=\"heading.default\">\n\t\t\t\t<div class=\"elementor-widget-container\">\n\t\t\t\t\t<p class=\"elementor-heading-title elementor-size-default\">Krakow | 2025<\/p>\t\t\t\t<\/div>\n\t\t\t\t<\/div>\n\t\t\t\t<\/a>\n\t\t<a class=\"elementor-element elementor-element-e10b675 e-con-full e-flex e-con e-child\" data-id=\"e10b675\" data-element_type=\"container\" data-e-type=\"container\" data-settings=\"{&quot;background_background&quot;:&quot;classic&quot;}\" href=\"https:\/\/feltdecor.eu\/en\/realizations\/hmt-showroom-in-wroclaw-acoustics-and-design-in-a-modern-exhibition-space\/\">\n\t\t\t\t<div class=\"elementor-element elementor-element-67d9ec8 elementor-widget elementor-widget-heading\" data-id=\"67d9ec8\" data-element_type=\"widget\" data-e-type=\"widget\" data-widget_type=\"heading.default\">\n\t\t\t\t<div class=\"elementor-widget-container\">\n\t\t\t\t\t<h3 class=\"elementor-heading-title elementor-size-default\">HMT Group<\/h3>\t\t\t\t<\/div>\n\t\t\t\t<\/div>\n\t\t\t\t<div class=\"elementor-element elementor-element-6ed6e9d elementor-widget elementor-widget-heading\" data-id=\"6ed6e9d\" data-element_type=\"widget\" data-e-type=\"widget\" data-widget_type=\"heading.default\">\n\t\t\t\t<div class=\"elementor-widget-container\">\n\t\t\t\t\t<p class=\"elementor-heading-title elementor-size-default\">Wroclaw | 2024<\/p>\t\t\t\t<\/div>\n\t\t\t\t<\/div>\n\t\t\t\t<\/a>\n\t\t<a class=\"elementor-element elementor-element-46c5c23 e-con-full e-flex e-con e-child\" data-id=\"46c5c23\" data-element_type=\"container\" data-e-type=\"container\" data-settings=\"{&quot;background_background&quot;:&quot;classic&quot;}\" href=\"https:\/\/feltdecor.eu\/en\/realizations\/acoustics-of-the-keno-office-in-gliwice-pet-felt-panels-and-silentscape-ceilings\/\">\n\t\t\t\t<div class=\"elementor-element elementor-element-6ff35a9 elementor-widget elementor-widget-heading\" data-id=\"6ff35a9\" data-element_type=\"widget\" data-e-type=\"widget\" data-widget_type=\"heading.default\">\n\t\t\t\t<div class=\"elementor-widget-container\">\n\t\t\t\t\t<h3 class=\"elementor-heading-title elementor-size-default\">Keno<\/h3>\t\t\t\t<\/div>\n\t\t\t\t<\/div>\n\t\t\t\t<div class=\"elementor-element elementor-element-bfd4a52 elementor-widget elementor-widget-heading\" data-id=\"bfd4a52\" data-element_type=\"widget\" data-e-type=\"widget\" data-widget_type=\"heading.default\">\n\t\t\t\t<div class=\"elementor-widget-container\">\n\t\t\t\t\t<p class=\"elementor-heading-title elementor-size-default\">Gliwice | 2024<\/p>\t\t\t\t<\/div>\n\t\t\t\t<\/div>\n\t\t\t\t<\/a>\n\t\t<a class=\"elementor-element elementor-element-eb4616b e-con-full e-flex e-con e-child\" data-id=\"eb4616b\" data-element_type=\"container\" data-e-type=\"container\" data-settings=\"{&quot;background_background&quot;:&quot;classic&quot;}\" href=\"https:\/\/feltdecor.eu\/en\/realizations\/acoustics-of-the-remax-duo-office-in-nowy-targ-pet-felt-panels-and-brand-design\/\">\n\t\t\t\t<div class=\"elementor-element elementor-element-1081a41 elementor-widget elementor-widget-heading\" data-id=\"1081a41\" data-element_type=\"widget\" data-e-type=\"widget\" data-widget_type=\"heading.default\">\n\t\t\t\t<div class=\"elementor-widget-container\">\n\t\t\t\t\t<h3 class=\"elementor-heading-title elementor-size-default\">Remax<\/h3>\t\t\t\t<\/div>\n\t\t\t\t<\/div>\n\t\t\t\t<div class=\"elementor-element elementor-element-76f88d1 elementor-widget elementor-widget-heading\" data-id=\"76f88d1\" data-element_type=\"widget\" data-e-type=\"widget\" data-widget_type=\"heading.default\">\n\t\t\t\t<div class=\"elementor-widget-container\">\n\t\t\t\t\t<p class=\"elementor-heading-title elementor-size-default\">Nowy Targ | 2024<\/p>\t\t\t\t<\/div>\n\t\t\t\t<\/div>\n\t\t\t\t<\/a>\n\t\t<a class=\"elementor-element elementor-element-8b29d03 e-con-full e-flex e-con e-child\" data-id=\"8b29d03\" data-element_type=\"container\" data-e-type=\"container\" data-settings=\"{&quot;background_background&quot;:&quot;classic&quot;}\" href=\"https:\/\/feltdecor.eu\/en\/realizations\/acoustics-of-edubars-classrooms-pet-felt-panels-supporting-learning\/\">\n\t\t\t\t<div class=\"elementor-element elementor-element-301bb9e elementor-widget elementor-widget-heading\" data-id=\"301bb9e\" data-element_type=\"widget\" data-e-type=\"widget\" data-widget_type=\"heading.default\">\n\t\t\t\t<div class=\"elementor-widget-container\">\n\t\t\t\t\t<h3 class=\"elementor-heading-title elementor-size-default\">EduBears<\/h3>\t\t\t\t<\/div>\n\t\t\t\t<\/div>\n\t\t\t\t<div class=\"elementor-element elementor-element-616e5db elementor-widget elementor-widget-heading\" data-id=\"616e5db\" data-element_type=\"widget\" data-e-type=\"widget\" data-widget_type=\"heading.default\">\n\t\t\t\t<div class=\"elementor-widget-container\">\n\t\t\t\t\t<p class=\"elementor-heading-title elementor-size-default\">Zabrze | 2025<\/p>\t\t\t\t<\/div>\n\t\t\t\t<\/div>\n\t\t\t\t<\/a>\n\t\t<a class=\"elementor-element elementor-element-bcf5455 e-con-full e-flex e-con e-child\" data-id=\"bcf5455\" data-element_type=\"container\" data-e-type=\"container\" data-settings=\"{&quot;background_background&quot;:&quot;classic&quot;}\" href=\"https:\/\/feltdecor.eu\/en\/realizations\/harley-davidson-silesia\/\">\n\t\t\t\t<div class=\"elementor-element elementor-element-d000c54 elementor-widget elementor-widget-heading\" data-id=\"d000c54\" data-element_type=\"widget\" data-e-type=\"widget\" data-widget_type=\"heading.default\">\n\t\t\t\t<div class=\"elementor-widget-container\">\n\t\t\t\t\t<h3 class=\"elementor-heading-title elementor-size-default\">Harley-Davidson<\/h3>\t\t\t\t<\/div>\n\t\t\t\t<\/div>\n\t\t\t\t<div class=\"elementor-element elementor-element-a42e0d9 elementor-widget elementor-widget-heading\" data-id=\"a42e0d9\" data-element_type=\"widget\" data-e-type=\"widget\" data-widget_type=\"heading.default\">\n\t\t\t\t<div class=\"elementor-widget-container\">\n\t\t\t\t\t<p class=\"elementor-heading-title elementor-size-default\">Ruda \u015al\u0105ska | 2025<\/p>\t\t\t\t<\/div>\n\t\t\t\t<\/div>\n\t\t\t\t<\/a>\n\t\t<a class=\"elementor-element elementor-element-dd2c6b1 e-con-full e-flex e-con e-child\" data-id=\"dd2c6b1\" data-element_type=\"container\" data-e-type=\"container\" data-settings=\"{&quot;background_background&quot;:&quot;classic&quot;}\" href=\"https:\/\/feltdecor.eu\/en\/realizations\/acoustics-of-the-common-areas-of-makuszynski-apartments-in-zakopane-pet-felt-and-mountain-design\/\">\n\t\t\t\t<div class=\"elementor-element elementor-element-ca85e09 elementor-widget elementor-widget-heading\" data-id=\"ca85e09\" data-element_type=\"widget\" data-e-type=\"widget\" data-widget_type=\"heading.default\">\n\t\t\t\t<div class=\"elementor-widget-container\">\n\t\t\t\t\t<h3 class=\"elementor-heading-title elementor-size-default\">Makuszy\u0144skiego Apartments<\/h3>\t\t\t\t<\/div>\n\t\t\t\t<\/div>\n\t\t\t\t<div class=\"elementor-element elementor-element-d2fe6f8 elementor-widget elementor-widget-heading\" data-id=\"d2fe6f8\" data-element_type=\"widget\" data-e-type=\"widget\" data-widget_type=\"heading.default\">\n\t\t\t\t<div class=\"elementor-widget-container\">\n\t\t\t\t\t<p class=\"elementor-heading-title elementor-size-default\">Zakopane | 2025<\/p>\t\t\t\t<\/div>\n\t\t\t\t<\/div>\n\t\t\t\t<\/a>\n\t\t<a class=\"elementor-element elementor-element-4d23411 e-con-full e-flex e-con e-child\" data-id=\"4d23411\" data-element_type=\"container\" data-e-type=\"container\" data-settings=\"{&quot;background_background&quot;:&quot;classic&quot;}\" href=\"https:\/\/feltdecor.eu\/en\/realizations\/acoustics-of-the-tmt-office-in-wojnicz-pet-felt-panels-and-consistent-brand-identity\/\">\n\t\t\t\t<div class=\"elementor-element elementor-element-3474f36 elementor-widget elementor-widget-heading\" data-id=\"3474f36\" data-element_type=\"widget\" data-e-type=\"widget\" data-widget_type=\"heading.default\">\n\t\t\t\t<div class=\"elementor-widget-container\">\n\t\t\t\t\t<h3 class=\"elementor-heading-title elementor-size-default\">TMT<\/h3>\t\t\t\t<\/div>\n\t\t\t\t<\/div>\n\t\t\t\t<div class=\"elementor-element elementor-element-31aa969 elementor-widget elementor-widget-heading\" data-id=\"31aa969\" data-element_type=\"widget\" data-e-type=\"widget\" data-widget_type=\"heading.default\">\n\t\t\t\t<div class=\"elementor-widget-container\">\n\t\t\t\t\t<p class=\"elementor-heading-title elementor-size-default\">Wojnicz | 2024<\/p>\t\t\t\t<\/div>\n\t\t\t\t<\/div>\n\t\t\t\t<\/a>\n\t\t\t\t<\/div>\n\t\t\t\t<\/div>\n\t\t\t\t\t<\/div>\n\t\t\t\t<\/div>\n\t\t\t\t<\/div>\n\t\t","protected":false},"excerpt":{"rendered":"<p>Projects with our acoustic panels See how our acoustic panels perform in modern interiors. DGP Krakow | 2026 Storymakers Krakow | 2026 Illiard Krakow | 2025 Kossak Hotel Krakow | 2025 HMT Group Wroclaw | 2024 Keno Gliwice | 2024 Remax Nowy Targ | 2024 EduBears Zabrze | 2025 Harley-Davidson Ruda \u015al\u0105ska | 2025 Makuszy\u0144skiego [&hellip;]<\/p>\n","protected":false},"author":1,"featured_media":0,"parent":0,"menu_order":0,"comment_status":"closed","ping_status":"closed","template":"","meta":{"_acf_changed":false,"footnotes":""},"class_list":["post-6724","page","type-page","status-publish","hentry"],"acf":[],"_links":{"self":[{"href":"https:\/\/feltdecor.eu\/en\/wp-json\/wp\/v2\/pages\/6724","targetHints":{"allow":["GET"]}}],"collection":[{"href":"https:\/\/feltdecor.eu\/en\/wp-json\/wp\/v2\/pages"}],"about":[{"href":"https:\/\/feltdecor.eu\/en\/wp-json\/wp\/v2\/types\/page"}],"author":[{"embeddable":true,"href":"https:\/\/feltdecor.eu\/en\/wp-json\/wp\/v2\/users\/1"}],"replies":[{"embeddable":true,"href":"https:\/\/feltdecor.eu\/en\/wp-json\/wp\/v2\/comments?post=6724"}],"version-history":[{"count":12,"href":"https:\/\/feltdecor.eu\/en\/wp-json\/wp\/v2\/pages\/6724\/revisions"}],"predecessor-version":[{"id":7501,"href":"https:\/\/feltdecor.eu\/en\/wp-json\/wp\/v2\/pages\/6724\/revisions\/7501"}],"wp:attachment":[{"href":"https:\/\/feltdecor.eu\/en\/wp-json\/wp\/v2\/media?parent=6724"}],"curies":[{"name":"wp","href":"https:\/\/api.w.org\/{rel}","templated":true}]}}